{"id":179,"date":"2016-10-28T09:26:12","date_gmt":"2016-10-28T07:26:12","guid":{"rendered":"http:\/\/webrouter.emapa.pl\/home\/?page_id=179"},"modified":"2024-08-12T11:31:41","modified_gmt":"2024-08-12T09:31:41","slug":"polityka-prywatnosci","status":"publish","type":"page","link":"https:\/\/webrouter.emapa.pl\/home\/polityka-prywatnosci\/","title":{"rendered":"Polityka Prywatno\u015bci"},"content":{"rendered":"<p><\/p>\n<p style=\"text-align: center;\"><strong>POLITYKA PRYWATNO\u015aCI<\/strong><\/p>\n<p style=\"text-align: center;\"><strong>Us\u0142ugi Emapa Web Router<\/strong><\/p>\n<p>Emapa\u00a0 przywi\u0105zuje du\u017c\u0105 wag\u0119 do poszanowania prywatno\u015bci os\u00f3b korzystaj\u0105cych z oferowanych przez ni\u0105 us\u0142ug. Niniejszym przedstawiamy i prosimy o zapoznanie si\u0119 z Polityk\u0105 Prywatno\u015bci Us\u0142ugi Emapa Web Router (dalej \u201ePolityka Prywatno\u015bci\u201d) wyja\u015bniaj\u0105c\u0105 jakie dane pozyskujemy w ramach tej us\u0142ugi i jakie \u015brodki s\u0105 stosowane w celu ochrony prywatno\u015bci U\u017cytkownik\u00f3w.<\/p>\n<ol>\n<li><strong>OKRE\u015aLENIA<\/strong><\/li>\n<\/ol>\n<p>U\u017cywane w Polityce Prywatno\u015bci, pisane z du\u017cych liter okre\u015blenia, maj\u0105 znaczenie opisane w \u00a71 Regulaminu Us\u0142ugi Emapa Web Router.<\/p>\n<ol start=\"2\">\n<li><strong>ADMINISTRATOR DANYCH<\/strong><\/li>\n<\/ol>\n<p>Administratorem danych Us\u0142ugi Emapa Web Router jest Emapa S.A. z siedzib\u0105 w Warszawie przy al. Jerozolimskich 181B, Regon: 472865527, NIP:725-18-08-677 (dalej \u201eEmapa\u201d).<\/p>\n<ol start=\"3\">\n<li><strong>U\u017bYTKOWNICY<\/strong><\/li>\n<\/ol>\n<p>U\u017cytkownikami serwisu Emapa Web Router s\u0105 Przedsi\u0119biorcy, kt\u00f3rzy zawarli z Emapa umow\u0119 na korzystanie z Us\u0142ugi.<\/p>\n<ol start=\"4\">\n<li><strong>DANE POZYSKIWANE OD U\u017bYTKOWNIKA W PROCESIE REJESTRACII<\/strong>\n<ol>\n<li><strong>Wersja Demo<\/strong><\/li>\n<\/ol>\n<\/li>\n<\/ol>\n<p>Podczas Rejestracji zwi\u0105zanej z dost\u0119pem do wersji Demo od U\u017cytkownika, jako obowi\u0105zkowe, pozyskiwane s\u0105 nast\u0119puj\u0105ce dane:<\/p>\n<ul>\n<li>adres e-mail (na kt\u00f3ry m.in. przesy\u0142ana jest wiadomo\u015b\u0107 z linkiem aktywuj\u0105cym Konto)<\/li>\n<li>has\u0142o.<\/li>\n<\/ul>\n<p>Pozosta\u0142e dane okre\u015blone w formularzu rejestracyjnym U\u017cytkownik zamieszcza na zasadzie dobrowolno\u015bci.<\/p>\n<p>Dane pozyskane podczas Rejestracji do wersji Demo wykorzystywane s\u0105 wy\u0142\u0105cznie przez Emapa, w celach zwi\u0105zanych ze \u015bwiadczeniem Us\u0142ugi, w tym do komunikacji z U\u017cytkownikiem. Inne ni\u017c wskazano w zdaniu poprzednim wykorzystanie danych rejestracyjnych mo\u017ce nast\u0105pi\u0107 wy\u0142\u0105cznie za uprzedni\u0105 zgod\u0105 U\u017cytkownika.<\/p>\n<ol start=\"2\">\n<li><strong>Us\u0142uga Emapa Web Router<\/strong><\/li>\n<\/ol>\n<p>Podczas Rejestracji zwi\u0105zanej z dost\u0119pem do Us\u0142ugi Emapa Web Router od U\u017cytkownika, jako obowi\u0105zkowe, pozyskiwane s\u0105 nast\u0119puj\u0105ce dane:<\/p>\n<ul>\n<li>adres e-mail (na kt\u00f3ry m.in. przesy\u0142ana jest wiadomo\u015b\u0107 z linkiem aktywuj\u0105cym Konto),<\/li>\n<li>nazwa przedsi\u0119biorstwa (firmy) oraz adres U\u017cytkownika,<\/li>\n<li>NIP,<\/li>\n<li>imi\u0119 i nazwisko osoby rejestruj\u0105cej,<\/li>\n<li>has\u0142o.<\/li>\n<\/ul>\n<p>Pozosta\u0142e dane okre\u015blone w formularzu rejestracyjnym U\u017cytkownik zamieszcza na zasadzie dobrowolno\u015bci.<\/p>\n<p>Dane pozyskane podczas Rejestracji wykorzystywane s\u0105 wy\u0142\u0105cznie przez Emap\u0119, w celach zwi\u0105zanych ze \u015bwiadczeniem Us\u0142ugi, w tym do komunikacji z U\u017cytkownikiem. Inne ni\u017c wskazano w zdaniu poprzednim wykorzystanie danych rejestracyjnych mo\u017ce nast\u0105pi\u0107 wy\u0142\u0105cznie za uprzedni\u0105 zgod\u0105 U\u017cytkownika.<\/p>\n<ol start=\"5\">\n<li><strong>DANE POWSTA\u0141E W WYNIKU KORZYSTANIA Z US\u0141UGI<\/strong><\/li>\n<\/ol>\n<p>Wszelkie dane powsta\u0142e w wyniku korzystania z Us\u0142ugi (np. adresy klient\u00f3w, punkty tras, dane dotycz\u0105ce pojazd\u00f3w, kierowc\u00f3w, obiekt\u00f3w itd.), s\u0105 zapisywane i przypisywane do U\u017cytkownika. U\u017cytkownik mo\u017ce samodzielnie przegl\u0105da\u0107, edytowa\u0107 i kasowa\u0107 te dane. Gromadzenie, przetwarzanie lub wykorzystywanie danych U\u017cytkownika przez Emapa odbywa si\u0119 wy\u0142\u0105cznie w zakresie, jaki jest przewidziany w Regulaminie Us\u0142ugi i s\u0142u\u017cy m.in. wykrywaniu usterek technicznych lub nadu\u017cy\u0107 oraz zapobieganiu im.<\/p>\n<p>Emapa gromadzi i analizuje wybrane zapytania U\u017cytkownik\u00f3w w celu badania zachowa\u0144 U\u017cytkownik\u00f3w i w oparciu o nie modyfikacji Us\u0142ugi celem dostosowania do zapotrzebowania U\u017cytkownik\u00f3w. Dane te s\u0105 agregowane, w spos\u00f3b zapewniaj\u0105cy ich\u00a0 anonimowo\u015b\u0107 i nie s\u0105 w \u017caden spos\u00f3b \u0142\u0105czone z danymi osobowymi U\u017cytkownik\u00f3w lub os\u00f3b trzecich.<\/p>\n<ol start=\"6\">\n<li><strong>OCHRONA DANYCH OSOBOWYCH<\/strong><\/li>\n<\/ol>\n<p><strong>Emapa gwarantuje odpowiedni poziom bezpiecze\u0144stwa danych osobowych, zgodnie z Ustaw\u0105 z dnia 29 sierpnia 1997 r. o ochronie danych osobowych (z p\u00f3\u017aniejszymi zmianami).<\/strong><\/p>\n<ol start=\"7\">\n<li><strong>DANE OS\u00d3B TRZECICH<\/strong><\/li>\n<\/ol>\n<p>W ka\u017cdym przypadku, gdy U\u017cytkownik wprowadza\u00a0 dane osobowe stron trzecich (np. wsp\u00f3\u0142pracownika), obowi\u0105zek uzyskania zgody na przetwarzanie tych danych oraz obowi\u0105zek zapoznania tych os\u00f3b z niniejsz\u0105 Polityk\u0105 Prywatno\u015bci i Regulaminem Us\u0142ugi Emapa Web Router spoczywa tylko i wy\u0142\u0105cznie na U\u017cytkowniku. Tym samym U\u017cytkownik zwalnia Emapa\u00a0 z jakichkolwiek roszcze\u0144 stron trzecich, jak r\u00f3wnie\u017c wyra\u017ca zgod\u0119 na zrekompensowanie Emapa\u00a0 wszelkich szk\u00f3d powsta\u0142ych w wyniku przekazania Emapa\u00a0 takich danych osobowych w spos\u00f3b niezgodny z ustaw\u0105 o ochronie danych osobowych.<\/p>\n<ol start=\"8\">\n<li><strong>USUWANIE DANYCH<\/strong><\/li>\n<\/ol>\n<p>Po up\u0142ywie 30. dni od zako\u0144czenia\u00a0 ostatniego Okresu Abonamentowego danego U\u017cytkownika, Emapa\u00a0 kasuje wszystkie dane zwi\u0105zane z Kontem U\u017cytkownika i nie podlegaj\u0105ce przechowywaniu z mocy prawa .<\/p>\n<ol start=\"9\">\n<li><strong>PRAWO U\u017bYTKOWNIKA DO UZYSKANIA INFORMACJI<\/strong><\/li>\n<\/ol>\n<p>Zgodnie z Ustaw\u0105 o ochronie danych osobowych, ka\u017cdy U\u017cytkownik mo\u017ce w dowolnym momencie za\u017c\u0105da\u0107 od Emapa\u00a0 informacji na temat jego danych osobowych zapisanych na jego Koncie. Zapytanie o takie informacje nale\u017cy kierowa\u0107 na adres: Emapa, ul. \u0141\u0105kowa 11, 90-562 \u0141\u00f3d\u017a, a drog\u0105 elektroniczn\u0105 na adres: biuro@emapa.pl.<\/p>\n<ol start=\"10\">\n<li><strong>POLITYKA DOTYCZ\u0104CA PLIK\u00d3W \u201eCOOKIES<\/strong>\u201d<\/li>\n<\/ol>\n<p>Emapa w trakcie \u015bwiadczenia Us\u0142ugi wykorzystuje pliki \u201ecookies\u201d.<\/p>\n<p>Pliki \u201ecookies\u201d (tzw. ciasteczka) to dane, w szczeg\u00f3lno\u015bci pliki tekstowe, przechowywane w urz\u0105dzeniach ko\u0144cowych U\u017cytkownik\u00f3w i wykorzystywane przez strony internetowe. \u201eCookies\u201d zazwyczaj zawieraj\u0105 nazw\u0119 strony internetowej z kt\u00f3rej pochodz\u0105, czas przechowywania ich na urz\u0105dzeniu ko\u0144cowym oraz unikalny numer.<\/p>\n<p>Pliki \u201ecookies\u201d s\u0105 wykorzystywane do \u201edostosowania\u201d zawarto\u015bci stron internetowych do preferencji U\u017cytkownika oraz optymalizacji korzystania ze stron internetowych. U\u017cywane s\u0105 r\u00f3wnie\u017c w celu tworzenia anonimowych, zagregowanych statystyk, kt\u00f3re pomagaj\u0105 zrozumie\u0107 w jaki spos\u00f3b U\u017cytkownik korzysta ze stron internetowych, co umo\u017cliwia ulepszanie ich struktury i zawarto\u015bci, z wy\u0142\u0105czeniem personalnej identyfikacji U\u017cytkownika.<\/p>\n<p>Stosowane s\u0105 dwa rodzaje plik\u00f3w \u201ecookies\u201d \u2013 \u201esesyjne\u201d oraz \u201esta\u0142e\u201d. Pierwsze z nich s\u0105 plikami tymczasowymi, kt\u00f3re pozostaj\u0105 na urz\u0105dzeniu U\u017cytkownika, a\u017c do wylogowania ze strony internetowej lub wy\u0142\u0105czenia oprogramowania (przegl\u0105darki internetowej). \u00a0Pliki \u201esta\u0142e\u201d pozostaj\u0105 na urz\u0105dzeniu U\u017cytkownika przez czas okre\u015blony w parametrach plik\u00f3w \u201ecookies\u201d albo do momentu ich r\u0119cznego usuni\u0119cia przez U\u017cytkownika.<\/p>\n<p>Dane osobowe gromadzone przy u\u017cyciu plik\u00f3w \u201ecookies\u201d mog\u0105 by\u0107 zbierane wy\u0142\u0105cznie w celu wykonywania okre\u015blonych funkcji na rzecz U\u017cytkownika. Takie dane s\u0105 zaszyfrowane w spos\u00f3b uniemo\u017cliwiaj\u0105cy dost\u0119p do nich osobom nieuprawnionym.<\/p>\n<p>Standardowo oprogramowanie s\u0142u\u017c\u0105ce do przegl\u0105dania stron internetowych domy\u015blnie dopuszcza umieszczanie plik\u00f3w \u201ecookies\u201d na urz\u0105dzeniu ko\u0144cowym. Ustawienia te mog\u0105 zosta\u0107 zmienione w taki spos\u00f3b, aby blokowa\u0107 automatyczn\u0105 obs\u0142ug\u0119 plik\u00f3w \u201ecookies\u201d w ustawieniach przegl\u0105darki internetowej b\u0105d\u017a informowa\u0107 o ich ka\u017cdorazowym przes\u0142aniu na urz\u0105dzenie U\u017cytkownika. Szczeg\u00f3\u0142owe informacje o mo\u017cliwo\u015bci i sposobach obs\u0142ugi plik\u00f3w \u201ecookies\u201d dost\u0119pne s\u0105 w ustawieniach oprogramowania (przegl\u0105darki internetowej).<\/p>\n<p>Ograniczenie stosowania plik\u00f3w \u201ecookies\u201d, mo\u017ce wp\u0142yn\u0105\u0107 na niekt\u00f3re funkcjonalno\u015bci dost\u0119pne na stronie internetowej.<\/p>\n<ol start=\"11\">\n<li><strong>ZMIANA POLITYKI PRYWATNO\u015aCI<\/strong><\/li>\n<\/ol>\n<p>Emapa\u00a0 zastrzega sobie prawo zmiany Polityki Prywatno\u015bci.<\/p>","protected":false},"excerpt":{"rendered":"<p>POLITYKA PRYWATNO\u015aCI Us\u0142ugi Emapa Web Router Emapa\u00a0 przywi\u0105zuje du\u017c\u0105 wag\u0119 do poszanowania prywatno\u015bci os\u00f3b korzystaj\u0105cych z oferowanych przez ni\u0105 us\u0142ug. Niniejszym przedstawiamy i prosimy o<br \/><a class=\"read-more\" href=\"https:\/\/webrouter.emapa.pl\/home\/polityka-prywatnosci\/\">Czytaj wi\u0119cej&#8230;<\/a><\/p>\n","protected":false},"author":1,"featured_media":0,"parent":0,"menu_order":0,"comment_status":"closed","ping_status":"closed","template":"","meta":{"inline_featured_image":false,"footnotes":""},"class_list":["post-179","page","type-page","status-publish","hentry"],"yoast_head":"<!-- This site is optimized with the Yoast SEO plugin v27.1.1 - https:\/\/yoast.com\/product\/yoast-seo-wordpress\/ -->\r\n<title>Polityka Prywatno\u015bci - Emapa Web Router<\/title>\r\n<meta name=\"robots\" content=\"noindex, follow\" \/>\r\n<meta property=\"og:locale\" content=\"pl_PL\" \/>\r\n<meta property=\"og:type\" content=\"article\" \/>\r\n<meta property=\"og:title\" content=\"Polityka Prywatno\u015bci - Emapa Web Router\" \/>\r\n<meta property=\"og:description\" content=\"POLITYKA PRYWATNO\u015aCI Us\u0142ugi Emapa Web Router Emapa\u00a0 przywi\u0105zuje du\u017c\u0105 wag\u0119 do poszanowania prywatno\u015bci os\u00f3b korzystaj\u0105cych z oferowanych przez ni\u0105 us\u0142ug. Niniejszym przedstawiamy i prosimy oCzytaj wi\u0119cej...\" \/>\r\n<meta property=\"og:url\" content=\"https:\/\/webrouter.emapa.pl\/home\/polityka-prywatnosci\/\" \/>\r\n<meta property=\"og:site_name\" content=\"Emapa Web Router\" \/>\r\n<meta property=\"article:modified_time\" content=\"2024-08-12T09:31:41+00:00\" \/>\r\n<meta name=\"twitter:card\" content=\"summary_large_image\" \/>\r\n<meta name=\"twitter:label1\" content=\"Szacowany czas czytania\" \/>\n\t<meta name=\"twitter:data1\" content=\"4 minuty\" \/>\r\n<script type=\"application\/ld+json\" class=\"yoast-schema-graph\">{\"@context\":\"https:\/\/schema.org\",\"@graph\":[{\"@type\":\"WebPage\",\"@id\":\"https:\/\/webrouter.emapa.pl\/home\/polityka-prywatnosci\/\",\"url\":\"https:\/\/webrouter.emapa.pl\/home\/polityka-prywatnosci\/\",\"name\":\"Polityka Prywatno\u015bci - Emapa Web Router\",\"isPartOf\":{\"@id\":\"https:\/\/webrouter.emapa.pl\/home\/#website\"},\"datePublished\":\"2016-10-28T07:26:12+00:00\",\"dateModified\":\"2024-08-12T09:31:41+00:00\",\"breadcrumb\":{\"@id\":\"https:\/\/webrouter.emapa.pl\/home\/polityka-prywatnosci\/#breadcrumb\"},\"inLanguage\":\"pl-PL\",\"potentialAction\":[{\"@type\":\"ReadAction\",\"target\":[\"https:\/\/webrouter.emapa.pl\/home\/polityka-prywatnosci\/\"]}]},{\"@type\":\"BreadcrumbList\",\"@id\":\"https:\/\/webrouter.emapa.pl\/home\/polityka-prywatnosci\/#breadcrumb\",\"itemListElement\":[{\"@type\":\"ListItem\",\"position\":1,\"name\":\"Strona g\u0142\u00f3wna\",\"item\":\"https:\/\/webrouter.emapa.pl\/home\/\"},{\"@type\":\"ListItem\",\"position\":2,\"name\":\"Polityka Prywatno\u015bci\"}]},{\"@type\":\"WebSite\",\"@id\":\"https:\/\/webrouter.emapa.pl\/home\/#website\",\"url\":\"https:\/\/webrouter.emapa.pl\/home\/\",\"name\":\"Emapa Web Router\",\"description\":\"Platforma do zarz\u0105dzania transportem\",\"publisher\":{\"@id\":\"https:\/\/webrouter.emapa.pl\/home\/#organization\"},\"potentialAction\":[{\"@type\":\"SearchAction\",\"target\":{\"@type\":\"EntryPoint\",\"urlTemplate\":\"https:\/\/webrouter.emapa.pl\/home\/?s={search_term_string}\"},\"query-input\":{\"@type\":\"PropertyValueSpecification\",\"valueRequired\":true,\"valueName\":\"search_term_string\"}}],\"inLanguage\":\"pl-PL\"},{\"@type\":\"Organization\",\"@id\":\"https:\/\/webrouter.emapa.pl\/home\/#organization\",\"name\":\"Emapa S.A.\",\"url\":\"https:\/\/webrouter.emapa.pl\/home\/\",\"logo\":{\"@type\":\"ImageObject\",\"inLanguage\":\"pl-PL\",\"@id\":\"https:\/\/webrouter.emapa.pl\/home\/#\/schema\/logo\/image\/\",\"url\":\"https:\/\/webrouter.emapa.pl\/home\/wp-content\/uploads\/2016\/09\/o-programie\/emapa_logo_a.png\",\"contentUrl\":\"https:\/\/webrouter.emapa.pl\/home\/wp-content\/uploads\/2016\/09\/o-programie\/emapa_logo_a.png\",\"width\":2776,\"height\":709,\"caption\":\"Emapa S.A.\"},\"image\":{\"@id\":\"https:\/\/webrouter.emapa.pl\/home\/#\/schema\/logo\/image\/\"}}]}<\/script>\r\n<!-- \/ Yoast SEO plugin. -->","yoast_head_json":{"title":"Polityka Prywatno\u015bci - Emapa Web Router","robots":{"index":"noindex","follow":"follow"},"og_locale":"pl_PL","og_type":"article","og_title":"Polityka Prywatno\u015bci - Emapa Web Router","og_description":"POLITYKA PRYWATNO\u015aCI Us\u0142ugi Emapa Web Router Emapa\u00a0 przywi\u0105zuje du\u017c\u0105 wag\u0119 do poszanowania prywatno\u015bci os\u00f3b korzystaj\u0105cych z oferowanych przez ni\u0105 us\u0142ug. Niniejszym przedstawiamy i prosimy oCzytaj wi\u0119cej...","og_url":"https:\/\/webrouter.emapa.pl\/home\/polityka-prywatnosci\/","og_site_name":"Emapa Web Router","article_modified_time":"2024-08-12T09:31:41+00:00","twitter_card":"summary_large_image","twitter_misc":{"Szacowany czas czytania":"4 minuty"},"schema":{"@context":"https:\/\/schema.org","@graph":[{"@type":"WebPage","@id":"https:\/\/webrouter.emapa.pl\/home\/polityka-prywatnosci\/","url":"https:\/\/webrouter.emapa.pl\/home\/polityka-prywatnosci\/","name":"Polityka Prywatno\u015bci - Emapa Web Router","isPartOf":{"@id":"https:\/\/webrouter.emapa.pl\/home\/#website"},"datePublished":"2016-10-28T07:26:12+00:00","dateModified":"2024-08-12T09:31:41+00:00","breadcrumb":{"@id":"https:\/\/webrouter.emapa.pl\/home\/polityka-prywatnosci\/#breadcrumb"},"inLanguage":"pl-PL","potentialAction":[{"@type":"ReadAction","target":["https:\/\/webrouter.emapa.pl\/home\/polityka-prywatnosci\/"]}]},{"@type":"BreadcrumbList","@id":"https:\/\/webrouter.emapa.pl\/home\/polityka-prywatnosci\/#breadcrumb","itemListElement":[{"@type":"ListItem","position":1,"name":"Strona g\u0142\u00f3wna","item":"https:\/\/webrouter.emapa.pl\/home\/"},{"@type":"ListItem","position":2,"name":"Polityka Prywatno\u015bci"}]},{"@type":"WebSite","@id":"https:\/\/webrouter.emapa.pl\/home\/#website","url":"https:\/\/webrouter.emapa.pl\/home\/","name":"Emapa Web Router","description":"Platforma do zarz\u0105dzania transportem","publisher":{"@id":"https:\/\/webrouter.emapa.pl\/home\/#organization"},"potentialAction":[{"@type":"SearchAction","target":{"@type":"EntryPoint","urlTemplate":"https:\/\/webrouter.emapa.pl\/home\/?s={search_term_string}"},"query-input":{"@type":"PropertyValueSpecification","valueRequired":true,"valueName":"search_term_string"}}],"inLanguage":"pl-PL"},{"@type":"Organization","@id":"https:\/\/webrouter.emapa.pl\/home\/#organization","name":"Emapa S.A.","url":"https:\/\/webrouter.emapa.pl\/home\/","logo":{"@type":"ImageObject","inLanguage":"pl-PL","@id":"https:\/\/webrouter.emapa.pl\/home\/#\/schema\/logo\/image\/","url":"https:\/\/webrouter.emapa.pl\/home\/wp-content\/uploads\/2016\/09\/o-programie\/emapa_logo_a.png","contentUrl":"https:\/\/webrouter.emapa.pl\/home\/wp-content\/uploads\/2016\/09\/o-programie\/emapa_logo_a.png","width":2776,"height":709,"caption":"Emapa S.A."},"image":{"@id":"https:\/\/webrouter.emapa.pl\/home\/#\/schema\/logo\/image\/"}}]}},"_links":{"self":[{"href":"https:\/\/webrouter.emapa.pl\/home\/wp-json\/wp\/v2\/pages\/179","targetHints":{"allow":["GET"]}}],"collection":[{"href":"https:\/\/webrouter.emapa.pl\/home\/wp-json\/wp\/v2\/pages"}],"about":[{"href":"https:\/\/webrouter.emapa.pl\/home\/wp-json\/wp\/v2\/types\/page"}],"author":[{"embeddable":true,"href":"https:\/\/webrouter.emapa.pl\/home\/wp-json\/wp\/v2\/users\/1"}],"replies":[{"embeddable":true,"href":"https:\/\/webrouter.emapa.pl\/home\/wp-json\/wp\/v2\/comments?post=179"}],"version-history":[{"count":0,"href":"https:\/\/webrouter.emapa.pl\/home\/wp-json\/wp\/v2\/pages\/179\/revisions"}],"wp:attachment":[{"href":"https:\/\/webrouter.emapa.pl\/home\/wp-json\/wp\/v2\/media?parent=179"}],"curies":[{"name":"wp","href":"https:\/\/api.w.org\/{rel}","templated":true}]}}